{"id":4122,"date":"2024-03-06T18:00:00","date_gmt":"2024-03-06T17:00:00","guid":{"rendered":"https:\/\/www.cner.cz\/?page_id=4122"},"modified":"2024-03-14T23:15:18","modified_gmt":"2024-03-14T22:15:18","slug":"vyveska","status":"publish","type":"page","link":"https:\/\/www.cner.cz\/en\/vyveska\/","title":{"rendered":"Notice Board"},"content":{"rendered":"<p><\/p>\n<p>Official noticeboard in the <a href=\"https:\/\/www.sportity.com\/app\" target=\"_blank\" rel=\"noopener\"><strong>Sportity<\/strong><\/a> app (app for <a href=\"https:\/\/itunes.apple.com\/us\/app\/sportity\/id1344934434?mt=8\" target=\"_blank\" rel=\"noopener\">Apple<\/a>, app for <a href=\"https:\/\/play.google.com\/store\/apps\/details?id=com.sportity.app\" target=\"_blank\" rel=\"noopener\">Android<\/a>, <a href=\"https:\/\/webapp.sportity.com\/channel\/cner2023\" target=\"_blank\" rel=\"noopener\">web site<\/a>)<br \/>\nPassword: <strong>CNER2024<\/strong><\/p>\n<p><\/p>\n<p><iframe loading=\"lazy\" style=\"min-width: 100%; min-height: 60vh;\" src=\"https:\/\/webapp.sportity.com\/event\/CNER2024\/d6d176af-6863-48ce-8d7b-ff130dcf1b43\" width=\"320\" height=\"240\"><\/iframe><\/p>","protected":false},"excerpt":{"rendered":"<p>Official noticeboard in the Sportity app (app for Apple, app for Android, web site) Password: CNER2024<\/p>\n","protected":false},"author":2,"featured_media":0,"parent":0,"menu_order":0,"comment_status":"closed","ping_status":"closed","template":"","meta":{"_acf_changed":false,"ngg_post_thumbnail":0,"footnotes":""},"class_list":["post-4122","page","type-page","status-publish","hentry"],"acf":[],"yoast_head":"<!-- This site is optimized with the Yoast SEO plugin v27.3 - https:\/\/yoast.com\/product\/yoast-seo-wordpress\/ -->\n<title>Notice Board - \u010cEZ Czech New Energies Rallye<\/title>\n<meta name=\"robots\" content=\"index, follow, max-snippet:-1, max-image-preview:large, max-video-preview:-1\" \/>\n<link rel=\"canonical\" href=\"https:\/\/www.cner.cz\/vyveska\/\" \/>\n<meta property=\"og:locale\" content=\"en_US\" \/>\n<meta property=\"og:type\" content=\"article\" \/>\n<meta property=\"og:title\" content=\"Notice Board - \u010cEZ Czech New Energies Rallye\" \/>\n<meta property=\"og:description\" content=\"Official noticeboard in the Sportity app (app for Apple, app for Android, web site) Password: CNER2024\" \/>\n<meta property=\"og:url\" content=\"https:\/\/www.cner.cz\/vyveska\/\" \/>\n<meta property=\"og:site_name\" content=\"\u010cEZ Czech New Energies Rallye\" \/>\n<meta property=\"article:publisher\" content=\"https:\/\/www.facebook.com\/NewEnergiesRallye\/\" \/>\n<meta property=\"article:modified_time\" content=\"2024-03-14T22:15:18+00:00\" \/>\n<meta name=\"twitter:card\" content=\"summary_large_image\" \/>\n<meta name=\"twitter:label1\" content=\"Est. reading time\" \/>\n\t<meta name=\"twitter:data1\" content=\"1 minute\" \/>\n<script type=\"application\/ld+json\" class=\"yoast-schema-graph\">{\"@context\":\"https:\\\/\\\/schema.org\",\"@graph\":[{\"@type\":\"WebPage\",\"@id\":\"https:\\\/\\\/www.cner.cz\\\/vyveska\\\/\",\"url\":\"https:\\\/\\\/www.cner.cz\\\/vyveska\\\/\",\"name\":\"Notice Board - \u010cEZ Czech New Energies Rallye\",\"isPartOf\":{\"@id\":\"https:\\\/\\\/www.cner.cz\\\/#website\"},\"datePublished\":\"2024-03-06T17:00:00+00:00\",\"dateModified\":\"2024-03-14T22:15:18+00:00\",\"breadcrumb\":{\"@id\":\"https:\\\/\\\/www.cner.cz\\\/vyveska\\\/#breadcrumb\"},\"inLanguage\":\"en-US\",\"potentialAction\":[{\"@type\":\"ReadAction\",\"target\":[\"https:\\\/\\\/www.cner.cz\\\/vyveska\\\/\"]}]},{\"@type\":\"BreadcrumbList\",\"@id\":\"https:\\\/\\\/www.cner.cz\\\/vyveska\\\/#breadcrumb\",\"itemListElement\":[{\"@type\":\"ListItem\",\"position\":1,\"name\":\"Dom\u016f\",\"item\":\"https:\\\/\\\/www.cner.cz\\\/\"},{\"@type\":\"ListItem\",\"position\":2,\"name\":\"Ofici\u00e1ln\u00ed v\u00fdv\u011bska\"}]},{\"@type\":\"WebSite\",\"@id\":\"https:\\\/\\\/www.cner.cz\\\/#website\",\"url\":\"https:\\\/\\\/www.cner.cz\\\/\",\"name\":\"\u010cEZ Czech New Energies Rallye\",\"description\":\"\u010cEZ Czech New Energies Rallye\",\"potentialAction\":[{\"@type\":\"SearchAction\",\"target\":{\"@type\":\"EntryPoint\",\"urlTemplate\":\"https:\\\/\\\/www.cner.cz\\\/?s={search_term_string}\"},\"query-input\":{\"@type\":\"PropertyValueSpecification\",\"valueRequired\":true,\"valueName\":\"search_term_string\"}}],\"inLanguage\":\"en-US\"}]}<\/script>\n<!-- \/ Yoast SEO plugin. -->","yoast_head_json":{"title":"Notice Board - \u010cEZ Czech New Energies Rallye","robots":{"index":"index","follow":"follow","max-snippet":"max-snippet:-1","max-image-preview":"max-image-preview:large","max-video-preview":"max-video-preview:-1"},"canonical":"https:\/\/www.cner.cz\/vyveska\/","og_locale":"en_US","og_type":"article","og_title":"Notice Board - \u010cEZ Czech New Energies Rallye","og_description":"Official noticeboard in the Sportity app (app for Apple, app for Android, web site) Password: CNER2024","og_url":"https:\/\/www.cner.cz\/vyveska\/","og_site_name":"\u010cEZ Czech New Energies Rallye","article_publisher":"https:\/\/www.facebook.com\/NewEnergiesRallye\/","article_modified_time":"2024-03-14T22:15:18+00:00","twitter_card":"summary_large_image","twitter_misc":{"Est. reading time":"1 minute"},"schema":{"@context":"https:\/\/schema.org","@graph":[{"@type":"WebPage","@id":"https:\/\/www.cner.cz\/vyveska\/","url":"https:\/\/www.cner.cz\/vyveska\/","name":"Notice Board - \u010cEZ Czech New Energies Rallye","isPartOf":{"@id":"https:\/\/www.cner.cz\/#website"},"datePublished":"2024-03-06T17:00:00+00:00","dateModified":"2024-03-14T22:15:18+00:00","breadcrumb":{"@id":"https:\/\/www.cner.cz\/vyveska\/#breadcrumb"},"inLanguage":"en-US","potentialAction":[{"@type":"ReadAction","target":["https:\/\/www.cner.cz\/vyveska\/"]}]},{"@type":"BreadcrumbList","@id":"https:\/\/www.cner.cz\/vyveska\/#breadcrumb","itemListElement":[{"@type":"ListItem","position":1,"name":"Dom\u016f","item":"https:\/\/www.cner.cz\/"},{"@type":"ListItem","position":2,"name":"Ofici\u00e1ln\u00ed v\u00fdv\u011bska"}]},{"@type":"WebSite","@id":"https:\/\/www.cner.cz\/#website","url":"https:\/\/www.cner.cz\/","name":"\u010cEZ Czech New Energies Rallye","description":"\u010cEZ Czech New Energies Rallye","potentialAction":[{"@type":"SearchAction","target":{"@type":"EntryPoint","urlTemplate":"https:\/\/www.cner.cz\/?s={search_term_string}"},"query-input":{"@type":"PropertyValueSpecification","valueRequired":true,"valueName":"search_term_string"}}],"inLanguage":"en-US"}]}},"_links":{"self":[{"href":"https:\/\/www.cner.cz\/en\/wp-json\/wp\/v2\/pages\/4122","targetHints":{"allow":["GET"]}}],"collection":[{"href":"https:\/\/www.cner.cz\/en\/wp-json\/wp\/v2\/pages"}],"about":[{"href":"https:\/\/www.cner.cz\/en\/wp-json\/wp\/v2\/types\/page"}],"author":[{"embeddable":true,"href":"https:\/\/www.cner.cz\/en\/wp-json\/wp\/v2\/users\/2"}],"replies":[{"embeddable":true,"href":"https:\/\/www.cner.cz\/en\/wp-json\/wp\/v2\/comments?post=4122"}],"version-history":[{"count":29,"href":"https:\/\/www.cner.cz\/en\/wp-json\/wp\/v2\/pages\/4122\/revisions"}],"predecessor-version":[{"id":4621,"href":"https:\/\/www.cner.cz\/en\/wp-json\/wp\/v2\/pages\/4122\/revisions\/4621"}],"wp:attachment":[{"href":"https:\/\/www.cner.cz\/en\/wp-json\/wp\/v2\/media?parent=4122"}],"curies":[{"name":"wp","href":"https:\/\/api.w.org\/{rel}","templated":true}]}}