{"id":4479,"date":"2024-01-30T21:46:57","date_gmt":"2024-01-30T20:46:57","guid":{"rendered":"https:\/\/www.cner.cz\/?page_id=4479"},"modified":"2025-01-03T01:28:11","modified_gmt":"2025-01-03T00:28:11","slug":"program-2024","status":"publish","type":"page","link":"https:\/\/www.cner.cz\/en\/program-2024\/","title":{"rendered":"Programme 2024"},"content":{"rendered":"<p><\/p>\n<h3><strong>Monday, March 4, 2024<\/strong><\/h3>\n<p><strong>23:59<\/strong><br \/>\nEntries, closing<\/p>\n<h3><strong>Wednesday, March 6, 2024<\/strong><\/h3>\n<p>Publication of participants list<\/p>\n<hr>\n<h3><strong>Thursday, March, 14, 2024<\/strong><\/h3>\n<p><strong>12:00 &#8211; 24:00<\/strong><br \/>\nCalibration<\/p>\n<hr>\n<h3><strong>Friday, March, 15, 2024<\/strong><\/h3>\n<p><strong>0:00 &#8211; 12:15<\/strong><br \/>\nCalibration<\/p>\n<p><strong>8:00 &#8211; 12:00<\/strong><br \/>\nPresence of crews, administrative checks<br \/>\n\u010cesk\u00e9 Bud\u011bjovice, University of Technology and Economics<\/p>\n<p><strong>8:15 &#8211; 12:15<\/strong><br \/>\nScrutineering<br \/>\n\u010cesk\u00e9 Bud\u011bjovice, University of Technology and Economics<\/p>\n<p><strong>11:00 &#8211; 13:30<\/strong><br \/>\nLunch<br \/>\n\u010cesk\u00e9 Bud\u011bjovice, University of Technology and Economics<\/p>\n<p><strong>12:30<\/strong><br \/>\nDriver\u2019s briefing<br \/>\n\u010cesk\u00e9 Bud\u011bjovice, University of Technology and Economics<\/p>\n<p><strong>14:00<\/strong><br \/>\nStart of the rally<br \/>\n\u010cesk\u00e9 Bud\u011bjovice, University of Technology and Economics<\/p>\n<p><strong>15:00<\/strong><br \/>\nCeremonial start of the rally<br \/>\nTemel\u00edn Nuclear Power Plant, Vysok\u00fd Hr\u00e1dek castle<\/p>\n<p><strong>19:34<\/strong><br \/>\nFinish of the leg 1<br \/>\n\u010cesk\u00fd Krumlov, Port 1560<\/p>\n<p><strong>20:00 &#8211; 22:00<\/strong><br \/>\nDinner<br \/>\n\u010cesk\u00fd Krumlov, <a href=\"https:\/\/www.krumlovskymlyn.cz\/en\/restaurace\" target=\"_blank\" rel=\"noopener\">Restaurace Krumlovsk\u00fd ml\u00fdn<\/a><\/p>\n<hr>\n<h3><strong>Saturday, March, 16, 2024<\/strong><\/h3>\n<p><strong>7:00<\/strong><br \/>\nStart of the leg 2<br \/>\n\u010cesk\u00fd Krumlov, Port 1560<\/p>\n<p><strong>10:08<\/strong><br \/>\nCoffee break<br \/>\nPrachatice, Velk\u00e9 n\u00e1m\u011bst\u00ed (square)<\/p>\n<p><strong>13:07<\/strong><br \/>\nCharging and lunch<br \/>\n\u010cesk\u00fd Krumlov, <a href=\"https:\/\/www.hotelzlatyandel.cz\/en\/restaurant-petr-vok\/\" target=\"_blank\" rel=\"noopener\">Hotel Zlat\u00fd and\u011bl<\/a><\/p>\n<p><strong>15:07<\/strong><br \/>\nStart of the last section<br \/>\n\u010cesk\u00fd Krumlov, Port 1560<\/p>\n<p><strong>17:30<\/strong><br \/>\nCeremonial finish<br \/>\n\u010cesk\u00fd Krumlov, Svornosti square<\/p>\n<p><strong>18:00 &#8211; 21:00<br \/>\n<\/strong>Dinner<br \/>\n\u010cesk\u00fd Krumlov, <a href=\"https:\/\/www.pivovarska-krumlov.cz\/\" target=\"_blank\" rel=\"noopener\">Brewery restaurant<\/a><\/p>\n<p><strong>21:00<\/strong><br \/>\nPrize-giving ceremony<br \/>\n\u010cesk\u00fd Krumlov, <a href=\"https:\/\/www.port1560.cz\/en\" target=\"_blank\" rel=\"noopener\">Port 1560<\/a><\/p>\n<p><strong>22:00<\/strong><br \/>\nRallye afterparty<br \/>\n\u010cesk\u00fd Krumlov, <a href=\"https:\/\/www.hotelzlatyandel.cz\/en\/music-cocktail-bar-cesky-krumlov\/\" target=\"_blank\" rel=\"noopener\">Music &amp; Cocktail Bar<\/a><\/p>\n<hr>\n<p><em>Programme can be changed.<\/em><\/p>","protected":false},"excerpt":{"rendered":"<p>Monday, March 4, 2024 23:59 Entries, closing Wednesday, March 6, 2024 Publication of participants list Thursday, March, 14, 2024 12:00 &#8211; 24:00 Calibration Friday, March, 15, 2024 0:00 &#8211; 12:15 Calibration 8:00 &#8211; 12:00 Presence of crews, administrative checks \u010cesk\u00e9 Bud\u011bjovice, University of Technology and Economics 8:15 &#8211; 12:15 Scrutineering \u010cesk\u00e9 Bud\u011bjovice, University of Technology [&hellip;]<\/p>\n","protected":false},"author":2,"featured_media":0,"parent":0,"menu_order":0,"comment_status":"closed","ping_status":"closed","template":"","meta":{"_acf_changed":false,"ngg_post_thumbnail":0,"footnotes":""},"class_list":["post-4479","page","type-page","status-publish","hentry"],"acf":[],"yoast_head":"<!-- This site is optimized with the Yoast SEO plugin v27.3 - https:\/\/yoast.com\/product\/yoast-seo-wordpress\/ -->\n<title>Programme 2024 - \u010cEZ Czech New Energies Rallye<\/title>\n<meta name=\"robots\" content=\"index, follow, max-snippet:-1, max-image-preview:large, max-video-preview:-1\" \/>\n<link rel=\"canonical\" href=\"https:\/\/www.cner.cz\/program-2024\/\" \/>\n<meta property=\"og:locale\" content=\"en_US\" \/>\n<meta property=\"og:type\" content=\"article\" \/>\n<meta property=\"og:title\" content=\"Programme 2024 - \u010cEZ Czech New Energies Rallye\" \/>\n<meta property=\"og:description\" content=\"Monday, March 4, 2024 23:59 Entries, closing Wednesday, March 6, 2024 Publication of participants list Thursday, March, 14, 2024 12:00 &#8211; 24:00 Calibration Friday, March, 15, 2024 0:00 &#8211; 12:15 Calibration 8:00 &#8211; 12:00 Presence of crews, administrative checks \u010cesk\u00e9 Bud\u011bjovice, University of Technology and Economics 8:15 &#8211; 12:15 Scrutineering \u010cesk\u00e9 Bud\u011bjovice, University of Technology [&hellip;]\" \/>\n<meta property=\"og:url\" content=\"https:\/\/www.cner.cz\/program-2024\/\" \/>\n<meta property=\"og:site_name\" content=\"\u010cEZ Czech New Energies Rallye\" \/>\n<meta property=\"article:publisher\" content=\"https:\/\/www.facebook.com\/NewEnergiesRallye\/\" \/>\n<meta property=\"article:modified_time\" content=\"2025-01-03T00:28:11+00:00\" \/>\n<meta name=\"twitter:card\" content=\"summary_large_image\" \/>\n<meta name=\"twitter:label1\" content=\"Est. reading time\" \/>\n\t<meta name=\"twitter:data1\" content=\"3 minutes\" \/>\n<script type=\"application\/ld+json\" class=\"yoast-schema-graph\">{\"@context\":\"https:\\\/\\\/schema.org\",\"@graph\":[{\"@type\":\"WebPage\",\"@id\":\"https:\\\/\\\/www.cner.cz\\\/program-2024\\\/\",\"url\":\"https:\\\/\\\/www.cner.cz\\\/program-2024\\\/\",\"name\":\"Programme 2024 - \u010cEZ Czech New Energies Rallye\",\"isPartOf\":{\"@id\":\"https:\\\/\\\/www.cner.cz\\\/#website\"},\"datePublished\":\"2024-01-30T20:46:57+00:00\",\"dateModified\":\"2025-01-03T00:28:11+00:00\",\"breadcrumb\":{\"@id\":\"https:\\\/\\\/www.cner.cz\\\/program-2024\\\/#breadcrumb\"},\"inLanguage\":\"en-US\",\"potentialAction\":[{\"@type\":\"ReadAction\",\"target\":[\"https:\\\/\\\/www.cner.cz\\\/program-2024\\\/\"]}]},{\"@type\":\"BreadcrumbList\",\"@id\":\"https:\\\/\\\/www.cner.cz\\\/program-2024\\\/#breadcrumb\",\"itemListElement\":[{\"@type\":\"ListItem\",\"position\":1,\"name\":\"Dom\u016f\",\"item\":\"https:\\\/\\\/www.cner.cz\\\/\"},{\"@type\":\"ListItem\",\"position\":2,\"name\":\"Program sout\u011b\u017ee 2024\"}]},{\"@type\":\"WebSite\",\"@id\":\"https:\\\/\\\/www.cner.cz\\\/#website\",\"url\":\"https:\\\/\\\/www.cner.cz\\\/\",\"name\":\"\u010cEZ Czech New Energies Rallye\",\"description\":\"\u010cEZ Czech New Energies Rallye\",\"potentialAction\":[{\"@type\":\"SearchAction\",\"target\":{\"@type\":\"EntryPoint\",\"urlTemplate\":\"https:\\\/\\\/www.cner.cz\\\/?s={search_term_string}\"},\"query-input\":{\"@type\":\"PropertyValueSpecification\",\"valueRequired\":true,\"valueName\":\"search_term_string\"}}],\"inLanguage\":\"en-US\"}]}<\/script>\n<!-- \/ Yoast SEO plugin. -->","yoast_head_json":{"title":"Programme 2024 - \u010cEZ Czech New Energies Rallye","robots":{"index":"index","follow":"follow","max-snippet":"max-snippet:-1","max-image-preview":"max-image-preview:large","max-video-preview":"max-video-preview:-1"},"canonical":"https:\/\/www.cner.cz\/program-2024\/","og_locale":"en_US","og_type":"article","og_title":"Programme 2024 - \u010cEZ Czech New Energies Rallye","og_description":"Monday, March 4, 2024 23:59 Entries, closing Wednesday, March 6, 2024 Publication of participants list Thursday, March, 14, 2024 12:00 &#8211; 24:00 Calibration Friday, March, 15, 2024 0:00 &#8211; 12:15 Calibration 8:00 &#8211; 12:00 Presence of crews, administrative checks \u010cesk\u00e9 Bud\u011bjovice, University of Technology and Economics 8:15 &#8211; 12:15 Scrutineering \u010cesk\u00e9 Bud\u011bjovice, University of Technology [&hellip;]","og_url":"https:\/\/www.cner.cz\/program-2024\/","og_site_name":"\u010cEZ Czech New Energies Rallye","article_publisher":"https:\/\/www.facebook.com\/NewEnergiesRallye\/","article_modified_time":"2025-01-03T00:28:11+00:00","twitter_card":"summary_large_image","twitter_misc":{"Est. reading time":"3 minutes"},"schema":{"@context":"https:\/\/schema.org","@graph":[{"@type":"WebPage","@id":"https:\/\/www.cner.cz\/program-2024\/","url":"https:\/\/www.cner.cz\/program-2024\/","name":"Programme 2024 - \u010cEZ Czech New Energies Rallye","isPartOf":{"@id":"https:\/\/www.cner.cz\/#website"},"datePublished":"2024-01-30T20:46:57+00:00","dateModified":"2025-01-03T00:28:11+00:00","breadcrumb":{"@id":"https:\/\/www.cner.cz\/program-2024\/#breadcrumb"},"inLanguage":"en-US","potentialAction":[{"@type":"ReadAction","target":["https:\/\/www.cner.cz\/program-2024\/"]}]},{"@type":"BreadcrumbList","@id":"https:\/\/www.cner.cz\/program-2024\/#breadcrumb","itemListElement":[{"@type":"ListItem","position":1,"name":"Dom\u016f","item":"https:\/\/www.cner.cz\/"},{"@type":"ListItem","position":2,"name":"Program sout\u011b\u017ee 2024"}]},{"@type":"WebSite","@id":"https:\/\/www.cner.cz\/#website","url":"https:\/\/www.cner.cz\/","name":"\u010cEZ Czech New Energies Rallye","description":"\u010cEZ Czech New Energies Rallye","potentialAction":[{"@type":"SearchAction","target":{"@type":"EntryPoint","urlTemplate":"https:\/\/www.cner.cz\/?s={search_term_string}"},"query-input":{"@type":"PropertyValueSpecification","valueRequired":true,"valueName":"search_term_string"}}],"inLanguage":"en-US"}]}},"_links":{"self":[{"href":"https:\/\/www.cner.cz\/en\/wp-json\/wp\/v2\/pages\/4479","targetHints":{"allow":["GET"]}}],"collection":[{"href":"https:\/\/www.cner.cz\/en\/wp-json\/wp\/v2\/pages"}],"about":[{"href":"https:\/\/www.cner.cz\/en\/wp-json\/wp\/v2\/types\/page"}],"author":[{"embeddable":true,"href":"https:\/\/www.cner.cz\/en\/wp-json\/wp\/v2\/users\/2"}],"replies":[{"embeddable":true,"href":"https:\/\/www.cner.cz\/en\/wp-json\/wp\/v2\/comments?post=4479"}],"version-history":[{"count":30,"href":"https:\/\/www.cner.cz\/en\/wp-json\/wp\/v2\/pages\/4479\/revisions"}],"predecessor-version":[{"id":4962,"href":"https:\/\/www.cner.cz\/en\/wp-json\/wp\/v2\/pages\/4479\/revisions\/4962"}],"wp:attachment":[{"href":"https:\/\/www.cner.cz\/en\/wp-json\/wp\/v2\/media?parent=4479"}],"curies":[{"name":"wp","href":"https:\/\/api.w.org\/{rel}","templated":true}]}}