{"id":4968,"date":"2025-01-23T15:19:20","date_gmt":"2025-01-23T14:19:20","guid":{"rendered":"https:\/\/www.cner.cz\/?page_id=4968"},"modified":"2026-01-16T14:42:47","modified_gmt":"2026-01-16T13:42:47","slug":"program-2025","status":"publish","type":"page","link":"https:\/\/www.cner.cz\/en\/program-2025\/","title":{"rendered":"Programme 2025"},"content":{"rendered":"<p><\/p>\n<h3><strong>Monday, February 3, 2025<\/strong><\/h3>\n<p><strong>18:00<\/strong><br \/>\nPublication of supplementary regulations and opening of entry form<\/p>\n<h3><strong>Monday, March 3, 2025<\/strong><\/h3>\n<p><strong>23:59<br \/>\n<\/strong>Closing date of entries<\/p>\n<h3><strong>Thursday, March 6, 2025<\/strong><\/h3>\n<p><strong>23:00<br \/>\n<\/strong>Publication of participants list<\/p>\n<hr>\n<h3><strong>Thursday, March 13, 2025<\/strong><\/h3>\n<p><strong>from 9:00<\/strong><br \/>\nCalibration<\/p>\n<p><strong>14:00 &#8211; 18:00<\/strong><br \/>\nAdministrative checks (FIA)<br \/>\n\u010cesk\u00fd Krumlov, Port 1560<\/p>\n<p><strong>14:15 &#8211; 18:15<\/strong><br \/>\nScrutineering (FIA)<br \/>\n\u010cesk\u00fd Krumlov, Port 1560<\/p>\n<p><strong>17:30 &#8211; 18:00<\/strong><br \/>\nAdministrative checks (national)<br \/>\n\u010cesk\u00fd Krumlov, Port 1560<\/p>\n<hr>\n<h3><strong>Friday, March 14, 2025<\/strong><\/h3>\n<p><strong>until 12:00<\/strong><br \/>\nCalibration<\/p>\n<p><strong>7:45 &#8211; 9:15<\/strong><br \/>\nAdministrative checks (national)<br \/>\n\u010cesk\u00fd Krumlov, Port 1560<\/p>\n<p><strong>8:00 &#8211; 9:30<\/strong><br \/>\nScrutineering (national)<br \/>\n\u010cesk\u00fd Krumlov, Port 1560<\/p>\n<p><strong>10:30<\/strong><br \/>\nDriver\u2019s briefing<br \/>\n\u010cesk\u00fd Krumlov, Port 1560, Brewery restaurant<\/p>\n<p><strong>10:45 &#8211; 11:45<\/strong><br \/>\nLunch<br \/>\n\u010cesk\u00fd Krumlov, Port 1560, <a href=\"https:\/\/www.pivovarska-krumlov.cz\/en\/\" target=\"_blank\" rel=\"noopener\">Brewery restaurant<\/a><\/p>\n<p><strong>12:00<\/strong><br \/>\nStart of the rally<br \/>\n\u010cesk\u00fd Krumlov, Port 1560<\/p>\n<p><strong>12:05<\/strong><br \/>\nCeremonial start<br \/>\n\u010cesk\u00fd Krumlov, n\u00e1m\u011bst\u00ed Svornosti (main square)<\/p>\n<p><strong>16:48<\/strong><br \/>\nCoffee break<br \/>\nTemel\u00edn Nuclear Power Plant, Vysok\u00fd Hr\u00e1dek castle<\/p>\n<p><strong>18:00<\/strong><br \/>\n\u00daAMK special stage<br \/>\n\u010cesk\u00e9 Bud\u011bjovice, \u00daAMK driving range<\/p>\n<p><strong>18:00 &#8211; 19:00<\/strong><br \/>\nCharging (free route)<br \/>\n\u010cesk\u00e9 Bud\u011bjovice<\/p>\n<p><strong>19:00<\/strong><br \/>\nTime control<br \/>\n\u010cesk\u00e9 Bud\u011bjovice, N\u00e1m\u011bst\u00ed P\u0159emysla Otakara II. (main square)<\/p>\n<p><strong>20:09<\/strong><br \/>\nFinish of the leg 1<br \/>\n\u010cesk\u00fd Krumlov, Port 1560<\/p>\n<p><strong>21:00 &#8211; 23:00<\/strong><br \/>\nDinner<br \/>\n\u010cesk\u00fd Krumlov, <a href=\"https:\/\/www.krumlovskymlyn.cz\/en\/restaurace\" target=\"_blank\" rel=\"noopener\">Restaurace Krumlovsk\u00fd ml\u00fdn<\/a><\/p>\n<hr>\n<h3><strong>Saturday, March 15, 2025<\/strong><\/h3>\n<p><strong>9:00<\/strong><br \/>\nStart of the leg 2<br \/>\n\u010cesk\u00fd Krumlov, Port 1560<\/p>\n<p><strong>12:55<\/strong><br \/>\nCoffee break<br \/>\nPrachatice, Velk\u00e9 n\u00e1m\u011bst\u00ed (main square), <a href=\"https:\/\/www.facebook.com\/NebePrachatice\" target=\"_blank\" rel=\"noopener\">Kav\u00e1rna Nebe<\/a><\/p>\n<p><strong>14:59<\/strong><br \/>\nFinish of the rally<br \/>\n\u010cesk\u00fd Krumlov, n\u00e1m\u011bst\u00ed Svornosti (main square)<\/p>\n<p><strong>15:00 &#8211; 19:00<\/strong><br \/>\nDinner<br \/>\n\u010cesk\u00fd Krumlov, <a href=\"https:\/\/depokrumlov.cz\/en\" target=\"_blank\" rel=\"noopener\">Hostinec DEPO<\/a><\/p>\n<p><strong>19:00<\/strong><br \/>\nPrize-giving ceremony<br \/>\n\u010cesk\u00fd Krumlov, Port 1560<\/p>\n<hr>\n<p><em>Programme can be changed.<\/em><\/p>","protected":false},"excerpt":{"rendered":"<p>Monday, February 3, 2025 18:00 Publication of supplementary regulations and opening of entry form Monday, March 3, 2025 23:59 Closing date of entries Thursday, March 6, 2025 23:00 Publication of participants list Thursday, March 13, 2025 from 9:00 Calibration 14:00 &#8211; 18:00 Administrative checks (FIA) \u010cesk\u00fd Krumlov, Port 1560 14:15 &#8211; 18:15 Scrutineering (FIA) \u010cesk\u00fd [&hellip;]<\/p>\n","protected":false},"author":2,"featured_media":0,"parent":0,"menu_order":0,"comment_status":"closed","ping_status":"closed","template":"","meta":{"_acf_changed":false,"ngg_post_thumbnail":0,"footnotes":""},"class_list":["post-4968","page","type-page","status-publish","hentry"],"acf":[],"yoast_head":"<!-- This site is optimized with the Yoast SEO plugin v27.3 - https:\/\/yoast.com\/product\/yoast-seo-wordpress\/ -->\n<title>Program sout\u011b\u017ee - 13. \u010cEZ Czech New Energies Rallye 2025<\/title>\n<meta name=\"description\" content=\"Kl\u00ed\u010dov\u00e9 body programu druh\u00e9ho podniku mezin\u00e1rodn\u00edho seri\u00e1lu Bridgestone FIA ecoRally Cup 2025.\" \/>\n<meta name=\"robots\" content=\"index, follow, max-snippet:-1, max-image-preview:large, max-video-preview:-1\" \/>\n<link rel=\"canonical\" href=\"https:\/\/www.cner.cz\/program-2025\/\" \/>\n<meta property=\"og:locale\" content=\"en_US\" \/>\n<meta property=\"og:type\" content=\"article\" \/>\n<meta property=\"og:title\" content=\"Program sout\u011b\u017ee - 13. \u010cEZ Czech New Energies Rallye 2025\" \/>\n<meta property=\"og:description\" content=\"Kl\u00ed\u010dov\u00e9 body programu druh\u00e9ho podniku mezin\u00e1rodn\u00edho seri\u00e1lu Bridgestone FIA ecoRally Cup 2025.\" \/>\n<meta property=\"og:url\" content=\"https:\/\/www.cner.cz\/program-2025\/\" \/>\n<meta property=\"og:site_name\" content=\"\u010cEZ Czech New Energies Rallye\" \/>\n<meta property=\"article:publisher\" content=\"https:\/\/www.facebook.com\/NewEnergiesRallye\/\" \/>\n<meta property=\"article:modified_time\" content=\"2026-01-16T13:42:47+00:00\" \/>\n<meta property=\"og:image\" content=\"https:\/\/www.cner.cz\/wp-content\/uploads\/2024\/03\/cner2024_tz-foto2.jpg\" \/>\n\t<meta property=\"og:image:width\" content=\"1500\" \/>\n\t<meta property=\"og:image:height\" content=\"999\" \/>\n\t<meta property=\"og:image:type\" content=\"image\/jpeg\" \/>\n<meta name=\"twitter:card\" content=\"summary_large_image\" \/>\n<meta name=\"twitter:title\" content=\"Program sout\u011b\u017ee - 13. \u010cEZ Czech New Energies Rallye 2025\" \/>\n<meta name=\"twitter:description\" content=\"Kl\u00ed\u010dov\u00e9 body programu druh\u00e9ho podniku mezin\u00e1rodn\u00edho seri\u00e1lu Bridgestone FIA ecoRally Cup 2025.\" \/>\n<meta name=\"twitter:image\" content=\"https:\/\/www.cner.cz\/wp-content\/uploads\/2024\/03\/cner2024_tz-foto2.jpg\" \/>\n<meta name=\"twitter:label1\" content=\"Est. reading time\" \/>\n\t<meta name=\"twitter:data1\" content=\"3 minutes\" \/>\n<script type=\"application\/ld+json\" class=\"yoast-schema-graph\">{\"@context\":\"https:\\\/\\\/schema.org\",\"@graph\":[{\"@type\":\"WebPage\",\"@id\":\"https:\\\/\\\/www.cner.cz\\\/program-2025\\\/\",\"url\":\"https:\\\/\\\/www.cner.cz\\\/program-2025\\\/\",\"name\":\"[:cs]Program sout\u011b\u017ee - 13. \u010cEZ Czech New Energies Rallye 2025[:]\",\"isPartOf\":{\"@id\":\"https:\\\/\\\/www.cner.cz\\\/#website\"},\"datePublished\":\"2025-01-23T14:19:20+00:00\",\"dateModified\":\"2026-01-16T13:42:47+00:00\",\"description\":\"{:cs}Kl\u00ed\u010dov\u00e9 body programu druh\u00e9ho podniku mezin\u00e1rodn\u00edho seri\u00e1lu Bridgestone FIA ecoRally Cup 2025.{:}\",\"breadcrumb\":{\"@id\":\"https:\\\/\\\/www.cner.cz\\\/program-2025\\\/#breadcrumb\"},\"inLanguage\":\"en-US\",\"potentialAction\":[{\"@type\":\"ReadAction\",\"target\":[\"https:\\\/\\\/www.cner.cz\\\/program-2025\\\/\"]}]},{\"@type\":\"BreadcrumbList\",\"@id\":\"https:\\\/\\\/www.cner.cz\\\/program-2025\\\/#breadcrumb\",\"itemListElement\":[{\"@type\":\"ListItem\",\"position\":1,\"name\":\"Dom\u016f\",\"item\":\"https:\\\/\\\/www.cner.cz\\\/\"},{\"@type\":\"ListItem\",\"position\":2,\"name\":\"Program sout\u011b\u017ee 2025\"}]},{\"@type\":\"WebSite\",\"@id\":\"https:\\\/\\\/www.cner.cz\\\/#website\",\"url\":\"https:\\\/\\\/www.cner.cz\\\/\",\"name\":\"\u010cEZ Czech New Energies Rallye\",\"description\":\"\u010cEZ Czech New Energies Rallye\",\"potentialAction\":[{\"@type\":\"SearchAction\",\"target\":{\"@type\":\"EntryPoint\",\"urlTemplate\":\"https:\\\/\\\/www.cner.cz\\\/?s={search_term_string}\"},\"query-input\":{\"@type\":\"PropertyValueSpecification\",\"valueRequired\":true,\"valueName\":\"search_term_string\"}}],\"inLanguage\":\"en-US\"}]}<\/script>\n<!-- \/ Yoast SEO plugin. -->","yoast_head_json":{"title":"Program sout\u011b\u017ee - 13. \u010cEZ Czech New Energies Rallye 2025","description":"Kl\u00ed\u010dov\u00e9 body programu druh\u00e9ho podniku mezin\u00e1rodn\u00edho seri\u00e1lu Bridgestone FIA ecoRally Cup 2025.","robots":{"index":"index","follow":"follow","max-snippet":"max-snippet:-1","max-image-preview":"max-image-preview:large","max-video-preview":"max-video-preview:-1"},"canonical":"https:\/\/www.cner.cz\/program-2025\/","og_locale":"en_US","og_type":"article","og_title":"Program sout\u011b\u017ee - 13. \u010cEZ Czech New Energies Rallye 2025","og_description":"Kl\u00ed\u010dov\u00e9 body programu druh\u00e9ho podniku mezin\u00e1rodn\u00edho seri\u00e1lu Bridgestone FIA ecoRally Cup 2025.","og_url":"https:\/\/www.cner.cz\/program-2025\/","og_site_name":"\u010cEZ Czech New Energies Rallye","article_publisher":"https:\/\/www.facebook.com\/NewEnergiesRallye\/","article_modified_time":"2026-01-16T13:42:47+00:00","og_image":[{"width":1500,"height":999,"url":"https:\/\/www.cner.cz\/wp-content\/uploads\/2024\/03\/cner2024_tz-foto2.jpg","type":"image\/jpeg"}],"twitter_card":"summary_large_image","twitter_title":"Program sout\u011b\u017ee - 13. \u010cEZ Czech New Energies Rallye 2025","twitter_description":"Kl\u00ed\u010dov\u00e9 body programu druh\u00e9ho podniku mezin\u00e1rodn\u00edho seri\u00e1lu Bridgestone FIA ecoRally Cup 2025.","twitter_image":"https:\/\/www.cner.cz\/wp-content\/uploads\/2024\/03\/cner2024_tz-foto2.jpg","twitter_misc":{"Est. reading time":"3 minutes"},"schema":{"@context":"https:\/\/schema.org","@graph":[{"@type":"WebPage","@id":"https:\/\/www.cner.cz\/program-2025\/","url":"https:\/\/www.cner.cz\/program-2025\/","name":"[:cs]Program sout\u011b\u017ee - 13. \u010cEZ Czech New Energies Rallye 2025[:]","isPartOf":{"@id":"https:\/\/www.cner.cz\/#website"},"datePublished":"2025-01-23T14:19:20+00:00","dateModified":"2026-01-16T13:42:47+00:00","description":"{:cs}Kl\u00ed\u010dov\u00e9 body programu druh\u00e9ho podniku mezin\u00e1rodn\u00edho seri\u00e1lu Bridgestone FIA ecoRally Cup 2025.{:}","breadcrumb":{"@id":"https:\/\/www.cner.cz\/program-2025\/#breadcrumb"},"inLanguage":"en-US","potentialAction":[{"@type":"ReadAction","target":["https:\/\/www.cner.cz\/program-2025\/"]}]},{"@type":"BreadcrumbList","@id":"https:\/\/www.cner.cz\/program-2025\/#breadcrumb","itemListElement":[{"@type":"ListItem","position":1,"name":"Dom\u016f","item":"https:\/\/www.cner.cz\/"},{"@type":"ListItem","position":2,"name":"Program sout\u011b\u017ee 2025"}]},{"@type":"WebSite","@id":"https:\/\/www.cner.cz\/#website","url":"https:\/\/www.cner.cz\/","name":"\u010cEZ Czech New Energies Rallye","description":"\u010cEZ Czech New Energies Rallye","potentialAction":[{"@type":"SearchAction","target":{"@type":"EntryPoint","urlTemplate":"https:\/\/www.cner.cz\/?s={search_term_string}"},"query-input":{"@type":"PropertyValueSpecification","valueRequired":true,"valueName":"search_term_string"}}],"inLanguage":"en-US"}]}},"_links":{"self":[{"href":"https:\/\/www.cner.cz\/en\/wp-json\/wp\/v2\/pages\/4968","targetHints":{"allow":["GET"]}}],"collection":[{"href":"https:\/\/www.cner.cz\/en\/wp-json\/wp\/v2\/pages"}],"about":[{"href":"https:\/\/www.cner.cz\/en\/wp-json\/wp\/v2\/types\/page"}],"author":[{"embeddable":true,"href":"https:\/\/www.cner.cz\/en\/wp-json\/wp\/v2\/users\/2"}],"replies":[{"embeddable":true,"href":"https:\/\/www.cner.cz\/en\/wp-json\/wp\/v2\/comments?post=4968"}],"version-history":[{"count":13,"href":"https:\/\/www.cner.cz\/en\/wp-json\/wp\/v2\/pages\/4968\/revisions"}],"predecessor-version":[{"id":5487,"href":"https:\/\/www.cner.cz\/en\/wp-json\/wp\/v2\/pages\/4968\/revisions\/5487"}],"wp:attachment":[{"href":"https:\/\/www.cner.cz\/en\/wp-json\/wp\/v2\/media?parent=4968"}],"curies":[{"name":"wp","href":"https:\/\/api.w.org\/{rel}","templated":true}]}}