{"id":542,"date":"2018-01-31T19:00:10","date_gmt":"2018-01-31T18:00:10","guid":{"rendered":"http:\/\/rallye-newenergies.cz\/?page_id=542"},"modified":"2026-02-02T18:15:08","modified_gmt":"2026-02-02T17:15:08","slug":"archiv","status":"publish","type":"page","link":"https:\/\/www.cner.cz\/en\/archiv\/","title":{"rendered":"Previous editions"},"content":{"rendered":"<p><\/p>\n<p><strong>13. \u010cEZ Czech New Energies Rallye 2025<\/strong><\/p>\n<ul>\n<li><a href=\"https:\/\/www.cner.cz\/en\/vysledky-2025\/\" rel=\"noopener noreferrer\">Results<\/a><\/li>\n<li><a href=\"https:\/\/www.cner.cz\/en\/galerie-2025\/\">Gallery<\/a><\/li>\n<\/ul>\n<hr>\n<p><strong>12. \u010cEZ Czech New Energies Rallye 2024<\/strong><\/p>\n<ul>\n<li><a href=\"https:\/\/www.cner.cz\/en\/vysledky-2024\/\" rel=\"noopener noreferrer\">Results<\/a><\/li>\n<li><a href=\"https:\/\/www.cner.cz\/en\/galerie-2024\/\">Gallery<\/a><\/li>\n<\/ul>\n<hr>\n<p><strong>11. \u010cEZ Czech New Energies Rallye 2023<\/strong><\/p>\n<ul>\n<li><a href=\"https:\/\/www.cner.cz\/en\/vysledky-2023\/\" rel=\"noopener noreferrer\">Results<\/a><\/li>\n<li><a href=\"https:\/\/www.cner.cz\/en\/galerie-2023\/\">Gallery<\/a><\/li>\n<\/ul>\n<hr>\n<p><strong>10. \u010cEZ Czech New Energies Rallye 2022<\/strong><\/p>\n<ul>\n<li><a href=\"https:\/\/www.cner.cz\/en\/vysledky-2022\/\" rel=\"noopener noreferrer\">Results<\/a><\/li>\n<li><a href=\"https:\/\/www.cner.cz\/en\/galerie-2022\/\">Gallery<\/a><\/li>\n<\/ul>\n<hr>\n<p><strong>9. Czech New Energies Rallye 2021<\/strong><\/p>\n<ul>\n<li><a href=\"https:\/\/www.tiempos.info\/cz2021.html\" target=\"_blank\" rel=\"noopener noreferrer\">Results<\/a><\/li>\n<li><a href=\"https:\/\/www.cner.cz\/en\/galerie-2021\/\">Gallery<\/a><\/li>\n<\/ul>\n<hr>\n<p><strong>8. Czech New Energies Rallye 2019<\/strong><\/p>\n<ul>\n<li><a href=\"https:\/\/www.tiempos.info\/ecocz2019.html\" target=\"_blank\" rel=\"noopener noreferrer\">Results<\/a><\/li>\n<li><a href=\"https:\/\/cner.cz\/galerie-2019\/\">Gallery<\/a><\/li>\n<\/ul>\n<hr>\n<p><strong>7. Czech New Energies Rallye 2018<\/strong><\/p>\n<ul>\n<li><a href=\"https:\/\/www.tiempos.info\/ecocz2018.html\" target=\"_blank\" rel=\"noopener noreferrer\">Results<\/a><\/li>\n<li><a href=\"http:\/\/rallye-newenergies.cz\/mapa-2018\/\">Map<\/a><\/li>\n<li><a href=\"http:\/\/cner.cz\/galerie-2018\/\">Gallery<\/a><\/li>\n<\/ul>\n<hr>\n<p><strong>6. New Energies Rallye \u010cesk\u00fd Krumlov 2017<\/strong><\/p>\n<ul>\n<li><a href=\"http:\/\/rallye-newenergies.cz\/vysledky-2017\/\">Results<\/a><\/li>\n<li><a href=\"http:\/\/rallye-newenergies.cz\/mapa-2017\/\">Map<\/a><\/li>\n<li><a href=\"http:\/\/cner.cz\/galerie-2017\/\">Gallery<\/a><\/li>\n<\/ul>\n<hr>\n<p><strong>5. New Energies Rallye \u010cesk\u00fd Krumlov 2016<\/strong><\/p>\n<ul>\n<li><a href=\"http:\/\/rallye-newenergies.cz\/vysledky-2016\/\">Results<\/a><\/li>\n<li><a href=\"http:\/\/rallye-newenergies.cz\/mapa-2016\/\">Map<\/a><\/li>\n<li><a href=\"http:\/\/cner.cz\/galerie-2016\/\">Gallery<\/a><\/li>\n<\/ul>\n<p><\/p>","protected":false},"excerpt":{"rendered":"<p>13. \u010cEZ Czech New Energies Rallye 2025 Results Gallery 12. \u010cEZ Czech New Energies Rallye 2024 Results Gallery 11. \u010cEZ Czech New Energies Rallye 2023 Results Gallery 10. \u010cEZ Czech New Energies Rallye 2022 Results Gallery 9. Czech New Energies Rallye 2021 Results Gallery 8. Czech New Energies Rallye 2019 Results Gallery 7. Czech New [&hellip;]<\/p>\n","protected":false},"author":2,"featured_media":0,"parent":0,"menu_order":3,"comment_status":"closed","ping_status":"closed","template":"","meta":{"_acf_changed":false,"ngg_post_thumbnail":0,"footnotes":""},"class_list":["post-542","page","type-page","status-publish","hentry"],"acf":[],"yoast_head":"<!-- This site is optimized with the Yoast SEO plugin v27.3 - https:\/\/yoast.com\/product\/yoast-seo-wordpress\/ -->\n<title>Previous editions - \u010cEZ Czech New Energies Rallye<\/title>\n<meta name=\"robots\" content=\"index, follow, max-snippet:-1, max-image-preview:large, max-video-preview:-1\" \/>\n<link rel=\"canonical\" href=\"https:\/\/www.cner.cz\/archiv\/\" \/>\n<meta property=\"og:locale\" content=\"en_US\" \/>\n<meta property=\"og:type\" content=\"article\" \/>\n<meta property=\"og:title\" content=\"Previous editions - \u010cEZ Czech New Energies Rallye\" \/>\n<meta property=\"og:description\" content=\"13. \u010cEZ Czech New Energies Rallye 2025 Results Gallery 12. \u010cEZ Czech New Energies Rallye 2024 Results Gallery 11. \u010cEZ Czech New Energies Rallye 2023 Results Gallery 10. \u010cEZ Czech New Energies Rallye 2022 Results Gallery 9. Czech New Energies Rallye 2021 Results Gallery 8. Czech New Energies Rallye 2019 Results Gallery 7. Czech New [&hellip;]\" \/>\n<meta property=\"og:url\" content=\"https:\/\/www.cner.cz\/archiv\/\" \/>\n<meta property=\"og:site_name\" content=\"\u010cEZ Czech New Energies Rallye\" \/>\n<meta property=\"article:publisher\" content=\"https:\/\/www.facebook.com\/NewEnergiesRallye\/\" \/>\n<meta property=\"article:modified_time\" content=\"2026-02-02T17:15:08+00:00\" \/>\n<meta name=\"twitter:card\" content=\"summary_large_image\" \/>\n<meta name=\"twitter:label1\" content=\"Est. reading time\" \/>\n\t<meta name=\"twitter:data1\" content=\"1 minute\" \/>\n<script type=\"application\/ld+json\" class=\"yoast-schema-graph\">{\"@context\":\"https:\\\/\\\/schema.org\",\"@graph\":[{\"@type\":\"WebPage\",\"@id\":\"https:\\\/\\\/www.cner.cz\\\/archiv\\\/\",\"url\":\"https:\\\/\\\/www.cner.cz\\\/archiv\\\/\",\"name\":\"Previous editions - \u010cEZ Czech New Energies Rallye\",\"isPartOf\":{\"@id\":\"https:\\\/\\\/www.cner.cz\\\/#website\"},\"datePublished\":\"2018-01-31T18:00:10+00:00\",\"dateModified\":\"2026-02-02T17:15:08+00:00\",\"breadcrumb\":{\"@id\":\"https:\\\/\\\/www.cner.cz\\\/archiv\\\/#breadcrumb\"},\"inLanguage\":\"en-US\",\"potentialAction\":[{\"@type\":\"ReadAction\",\"target\":[\"https:\\\/\\\/www.cner.cz\\\/archiv\\\/\"]}]},{\"@type\":\"BreadcrumbList\",\"@id\":\"https:\\\/\\\/www.cner.cz\\\/archiv\\\/#breadcrumb\",\"itemListElement\":[{\"@type\":\"ListItem\",\"position\":1,\"name\":\"Dom\u016f\",\"item\":\"https:\\\/\\\/www.cner.cz\\\/\"},{\"@type\":\"ListItem\",\"position\":2,\"name\":\"Minul\u00e9 ro\u010dn\u00edky\"}]},{\"@type\":\"WebSite\",\"@id\":\"https:\\\/\\\/www.cner.cz\\\/#website\",\"url\":\"https:\\\/\\\/www.cner.cz\\\/\",\"name\":\"\u010cEZ Czech New Energies Rallye\",\"description\":\"\u010cEZ Czech New Energies Rallye\",\"potentialAction\":[{\"@type\":\"SearchAction\",\"target\":{\"@type\":\"EntryPoint\",\"urlTemplate\":\"https:\\\/\\\/www.cner.cz\\\/?s={search_term_string}\"},\"query-input\":{\"@type\":\"PropertyValueSpecification\",\"valueRequired\":true,\"valueName\":\"search_term_string\"}}],\"inLanguage\":\"en-US\"}]}<\/script>\n<!-- \/ Yoast SEO plugin. -->","yoast_head_json":{"title":"Previous editions - \u010cEZ Czech New Energies Rallye","robots":{"index":"index","follow":"follow","max-snippet":"max-snippet:-1","max-image-preview":"max-image-preview:large","max-video-preview":"max-video-preview:-1"},"canonical":"https:\/\/www.cner.cz\/archiv\/","og_locale":"en_US","og_type":"article","og_title":"Previous editions - \u010cEZ Czech New Energies Rallye","og_description":"13. \u010cEZ Czech New Energies Rallye 2025 Results Gallery 12. \u010cEZ Czech New Energies Rallye 2024 Results Gallery 11. \u010cEZ Czech New Energies Rallye 2023 Results Gallery 10. \u010cEZ Czech New Energies Rallye 2022 Results Gallery 9. Czech New Energies Rallye 2021 Results Gallery 8. Czech New Energies Rallye 2019 Results Gallery 7. Czech New [&hellip;]","og_url":"https:\/\/www.cner.cz\/archiv\/","og_site_name":"\u010cEZ Czech New Energies Rallye","article_publisher":"https:\/\/www.facebook.com\/NewEnergiesRallye\/","article_modified_time":"2026-02-02T17:15:08+00:00","twitter_card":"summary_large_image","twitter_misc":{"Est. reading time":"1 minute"},"schema":{"@context":"https:\/\/schema.org","@graph":[{"@type":"WebPage","@id":"https:\/\/www.cner.cz\/archiv\/","url":"https:\/\/www.cner.cz\/archiv\/","name":"Previous editions - \u010cEZ Czech New Energies Rallye","isPartOf":{"@id":"https:\/\/www.cner.cz\/#website"},"datePublished":"2018-01-31T18:00:10+00:00","dateModified":"2026-02-02T17:15:08+00:00","breadcrumb":{"@id":"https:\/\/www.cner.cz\/archiv\/#breadcrumb"},"inLanguage":"en-US","potentialAction":[{"@type":"ReadAction","target":["https:\/\/www.cner.cz\/archiv\/"]}]},{"@type":"BreadcrumbList","@id":"https:\/\/www.cner.cz\/archiv\/#breadcrumb","itemListElement":[{"@type":"ListItem","position":1,"name":"Dom\u016f","item":"https:\/\/www.cner.cz\/"},{"@type":"ListItem","position":2,"name":"Minul\u00e9 ro\u010dn\u00edky"}]},{"@type":"WebSite","@id":"https:\/\/www.cner.cz\/#website","url":"https:\/\/www.cner.cz\/","name":"\u010cEZ Czech New Energies Rallye","description":"\u010cEZ Czech New Energies Rallye","potentialAction":[{"@type":"SearchAction","target":{"@type":"EntryPoint","urlTemplate":"https:\/\/www.cner.cz\/?s={search_term_string}"},"query-input":{"@type":"PropertyValueSpecification","valueRequired":true,"valueName":"search_term_string"}}],"inLanguage":"en-US"}]}},"_links":{"self":[{"href":"https:\/\/www.cner.cz\/en\/wp-json\/wp\/v2\/pages\/542","targetHints":{"allow":["GET"]}}],"collection":[{"href":"https:\/\/www.cner.cz\/en\/wp-json\/wp\/v2\/pages"}],"about":[{"href":"https:\/\/www.cner.cz\/en\/wp-json\/wp\/v2\/types\/page"}],"author":[{"embeddable":true,"href":"https:\/\/www.cner.cz\/en\/wp-json\/wp\/v2\/users\/2"}],"replies":[{"embeddable":true,"href":"https:\/\/www.cner.cz\/en\/wp-json\/wp\/v2\/comments?post=542"}],"version-history":[{"count":32,"href":"https:\/\/www.cner.cz\/en\/wp-json\/wp\/v2\/pages\/542\/revisions"}],"predecessor-version":[{"id":5504,"href":"https:\/\/www.cner.cz\/en\/wp-json\/wp\/v2\/pages\/542\/revisions\/5504"}],"wp:attachment":[{"href":"https:\/\/www.cner.cz\/en\/wp-json\/wp\/v2\/media?parent=542"}],"curies":[{"name":"wp","href":"https:\/\/api.w.org\/{rel}","templated":true}]}}