{"id":6034,"date":"2026-03-31T14:00:12","date_gmt":"2026-03-31T13:00:12","guid":{"rendered":"https:\/\/www.cner.cz\/?page_id=6034"},"modified":"2026-03-31T14:08:39","modified_gmt":"2026-03-31T13:08:39","slug":"galerie-2026","status":"publish","type":"page","link":"https:\/\/www.cner.cz\/en\/galerie-2026\/","title":{"rendered":"14. \u010cEZ Czech New Energies Rallye 2026"},"content":{"rendered":"<p>Would you like to see more photos of your team from the 14th \u010cEZ Czech New Energies Rallye powered by Volkswagen Financial Services, or need them in higher resolution? Please contact us:\u00a0<strong><a href=\"mailto:info@cner.cz\" target=\"_blank\" rel=\"noreferrer noopener\">info@cner.cz<\/a><\/strong>.<\/p>\n\n\n\n<p>Author:&nbsp;<a href=\"https:\/\/www.facebook.com\/fotoskrivanek\/\" target=\"_blank\" rel=\"noreferrer noopener\"><strong>Petr Sk\u0159iv\u00e1nek<\/strong><\/a><\/p>\n\n\n\nngg_shortcode_2_placeholder\n\n\n\n<p>Author:&nbsp;<a href=\"https:\/\/www.facebook.com\/stepansturma\" target=\"_blank\" rel=\"noreferrer noopener\"><strong>\u0160t\u011bp\u00e1n \u0160turma<\/strong><\/a><\/p>\n\n\n\nngg_shortcode_3_placeholder","protected":false},"excerpt":{"rendered":"<p>Would you like to see more photos of your team from the 14th \u010cEZ Czech New Energies Rallye powered by Volkswagen Financial Services, or need them in higher resolution? Please contact us:\u00a0info@cner.cz. Author:&nbsp;Petr Sk\u0159iv\u00e1nek Author:&nbsp;\u0160t\u011bp\u00e1n \u0160turma<\/p>\n","protected":false},"author":2,"featured_media":0,"parent":0,"menu_order":0,"comment_status":"closed","ping_status":"closed","template":"","meta":{"_acf_changed":false,"ngg_post_thumbnail":0,"footnotes":""},"class_list":["post-6034","page","type-page","status-publish","hentry"],"acf":[],"yoast_head":"<!-- This site is optimized with the Yoast SEO plugin v27.3 - https:\/\/yoast.com\/product\/yoast-seo-wordpress\/ -->\n<title>14. \u010cEZ Czech New Energies Rallye 2026 - \u010cEZ Czech New Energies Rallye<\/title>\n<meta name=\"robots\" content=\"index, follow, max-snippet:-1, max-image-preview:large, max-video-preview:-1\" \/>\n<link rel=\"canonical\" href=\"https:\/\/www.cner.cz\/galerie-2026\/\" \/>\n<meta property=\"og:locale\" content=\"en_US\" \/>\n<meta property=\"og:type\" content=\"article\" \/>\n<meta property=\"og:title\" content=\"14. \u010cEZ Czech New Energies Rallye 2026 - \u010cEZ Czech New Energies Rallye\" \/>\n<meta property=\"og:description\" content=\"Would you like to see more photos of your team from the 14th \u010cEZ Czech New Energies Rallye powered by Volkswagen Financial Services, or need them in higher resolution? Please contact us:\u00a0info@cner.cz. Author:&nbsp;Petr Sk\u0159iv\u00e1nek Author:&nbsp;\u0160t\u011bp\u00e1n \u0160turma\" \/>\n<meta property=\"og:url\" content=\"https:\/\/www.cner.cz\/galerie-2026\/\" \/>\n<meta property=\"og:site_name\" content=\"\u010cEZ Czech New Energies Rallye\" \/>\n<meta property=\"article:publisher\" content=\"https:\/\/www.facebook.com\/NewEnergiesRallye\/\" \/>\n<meta property=\"article:modified_time\" content=\"2026-03-31T13:08:39+00:00\" \/>\n<meta name=\"twitter:card\" content=\"summary_large_image\" \/>\n<meta name=\"twitter:label1\" content=\"Est. reading time\" \/>\n\t<meta name=\"twitter:data1\" content=\"1 minute\" \/>\n<script type=\"application\/ld+json\" class=\"yoast-schema-graph\">{\"@context\":\"https:\\\/\\\/schema.org\",\"@graph\":[{\"@type\":\"WebPage\",\"@id\":\"https:\\\/\\\/www.cner.cz\\\/galerie-2026\\\/\",\"url\":\"https:\\\/\\\/www.cner.cz\\\/galerie-2026\\\/\",\"name\":\"14. \u010cEZ Czech New Energies Rallye 2026 - \u010cEZ Czech New Energies Rallye\",\"isPartOf\":{\"@id\":\"https:\\\/\\\/www.cner.cz\\\/#website\"},\"datePublished\":\"2026-03-31T13:00:12+00:00\",\"dateModified\":\"2026-03-31T13:08:39+00:00\",\"breadcrumb\":{\"@id\":\"https:\\\/\\\/www.cner.cz\\\/galerie-2026\\\/#breadcrumb\"},\"inLanguage\":\"en-US\",\"potentialAction\":[{\"@type\":\"ReadAction\",\"target\":[\"https:\\\/\\\/www.cner.cz\\\/galerie-2026\\\/\"]}]},{\"@type\":\"BreadcrumbList\",\"@id\":\"https:\\\/\\\/www.cner.cz\\\/galerie-2026\\\/#breadcrumb\",\"itemListElement\":[{\"@type\":\"ListItem\",\"position\":1,\"name\":\"Dom\u016f\",\"item\":\"https:\\\/\\\/www.cner.cz\\\/\"},{\"@type\":\"ListItem\",\"position\":2,\"name\":\"14. \u010cEZ Czech New Energies Rallye 2026\"}]},{\"@type\":\"WebSite\",\"@id\":\"https:\\\/\\\/www.cner.cz\\\/#website\",\"url\":\"https:\\\/\\\/www.cner.cz\\\/\",\"name\":\"\u010cEZ Czech New Energies Rallye\",\"description\":\"\u010cEZ Czech New Energies Rallye\",\"potentialAction\":[{\"@type\":\"SearchAction\",\"target\":{\"@type\":\"EntryPoint\",\"urlTemplate\":\"https:\\\/\\\/www.cner.cz\\\/?s={search_term_string}\"},\"query-input\":{\"@type\":\"PropertyValueSpecification\",\"valueRequired\":true,\"valueName\":\"search_term_string\"}}],\"inLanguage\":\"en-US\"}]}<\/script>\n<!-- \/ Yoast SEO plugin. -->","yoast_head_json":{"title":"14. \u010cEZ Czech New Energies Rallye 2026 - \u010cEZ Czech New Energies Rallye","robots":{"index":"index","follow":"follow","max-snippet":"max-snippet:-1","max-image-preview":"max-image-preview:large","max-video-preview":"max-video-preview:-1"},"canonical":"https:\/\/www.cner.cz\/galerie-2026\/","og_locale":"en_US","og_type":"article","og_title":"14. \u010cEZ Czech New Energies Rallye 2026 - \u010cEZ Czech New Energies Rallye","og_description":"Would you like to see more photos of your team from the 14th \u010cEZ Czech New Energies Rallye powered by Volkswagen Financial Services, or need them in higher resolution? Please contact us:\u00a0info@cner.cz. Author:&nbsp;Petr Sk\u0159iv\u00e1nek Author:&nbsp;\u0160t\u011bp\u00e1n \u0160turma","og_url":"https:\/\/www.cner.cz\/galerie-2026\/","og_site_name":"\u010cEZ Czech New Energies Rallye","article_publisher":"https:\/\/www.facebook.com\/NewEnergiesRallye\/","article_modified_time":"2026-03-31T13:08:39+00:00","twitter_card":"summary_large_image","twitter_misc":{"Est. reading time":"1 minute"},"schema":{"@context":"https:\/\/schema.org","@graph":[{"@type":"WebPage","@id":"https:\/\/www.cner.cz\/galerie-2026\/","url":"https:\/\/www.cner.cz\/galerie-2026\/","name":"14. \u010cEZ Czech New Energies Rallye 2026 - \u010cEZ Czech New Energies Rallye","isPartOf":{"@id":"https:\/\/www.cner.cz\/#website"},"datePublished":"2026-03-31T13:00:12+00:00","dateModified":"2026-03-31T13:08:39+00:00","breadcrumb":{"@id":"https:\/\/www.cner.cz\/galerie-2026\/#breadcrumb"},"inLanguage":"en-US","potentialAction":[{"@type":"ReadAction","target":["https:\/\/www.cner.cz\/galerie-2026\/"]}]},{"@type":"BreadcrumbList","@id":"https:\/\/www.cner.cz\/galerie-2026\/#breadcrumb","itemListElement":[{"@type":"ListItem","position":1,"name":"Dom\u016f","item":"https:\/\/www.cner.cz\/"},{"@type":"ListItem","position":2,"name":"14. \u010cEZ Czech New Energies Rallye 2026"}]},{"@type":"WebSite","@id":"https:\/\/www.cner.cz\/#website","url":"https:\/\/www.cner.cz\/","name":"\u010cEZ Czech New Energies Rallye","description":"\u010cEZ Czech New Energies Rallye","potentialAction":[{"@type":"SearchAction","target":{"@type":"EntryPoint","urlTemplate":"https:\/\/www.cner.cz\/?s={search_term_string}"},"query-input":{"@type":"PropertyValueSpecification","valueRequired":true,"valueName":"search_term_string"}}],"inLanguage":"en-US"}]}},"_links":{"self":[{"href":"https:\/\/www.cner.cz\/en\/wp-json\/wp\/v2\/pages\/6034","targetHints":{"allow":["GET"]}}],"collection":[{"href":"https:\/\/www.cner.cz\/en\/wp-json\/wp\/v2\/pages"}],"about":[{"href":"https:\/\/www.cner.cz\/en\/wp-json\/wp\/v2\/types\/page"}],"author":[{"embeddable":true,"href":"https:\/\/www.cner.cz\/en\/wp-json\/wp\/v2\/users\/2"}],"replies":[{"embeddable":true,"href":"https:\/\/www.cner.cz\/en\/wp-json\/wp\/v2\/comments?post=6034"}],"version-history":[{"count":7,"href":"https:\/\/www.cner.cz\/en\/wp-json\/wp\/v2\/pages\/6034\/revisions"}],"predecessor-version":[{"id":6045,"href":"https:\/\/www.cner.cz\/en\/wp-json\/wp\/v2\/pages\/6034\/revisions\/6045"}],"wp:attachment":[{"href":"https:\/\/www.cner.cz\/en\/wp-json\/wp\/v2\/media?parent=6034"}],"curies":[{"name":"wp","href":"https:\/\/api.w.org\/{rel}","templated":true}]}}