{"id":968,"date":"2018-01-31T23:30:43","date_gmt":"2018-01-31T22:30:43","guid":{"rendered":"http:\/\/rallye-newenergies.cz\/?page_id=968"},"modified":"2025-01-03T01:28:49","modified_gmt":"2025-01-03T00:28:49","slug":"program-2018","status":"publish","type":"page","link":"https:\/\/www.cner.cz\/en\/program-2018\/","title":{"rendered":"Programme 2018"},"content":{"rendered":"<p>&nbsp;<\/p>\n<p><strong>Monday, April 30, 2018<\/strong><\/p>\n<table style=\"width: 1024px;\" border=\"0\" cellspacing=\"5\" cellpadding=\"5\">\n<tbody>\n<tr>\n<td style=\"text-align: left; width: 120px; height: 40px;\">24:00<\/td>\n<td style=\"text-align: left; width: 330px; height: 40px;\">Closing entries<\/td>\n<td style=\"text-align: left; width: 574px; height: 40px;\">&nbsp;<\/td>\n<\/tr>\n<\/tbody>\n<\/table>\n<p>&nbsp;<\/p>\n<p><strong>Thursday, May 17, 2018<\/strong><\/p>\n<table style=\"width: 1024px;\" border=\"0\" cellspacing=\"5\" cellpadding=\"5\">\n<tbody>\n<tr>\n<td style=\"text-align: left; width: 120px; height: 40px;\">9:30 &#8211; 10:30<\/td>\n<td style=\"text-align: left; width: 330px; height: 40px;\">Crews presentation<\/td>\n<td style=\"text-align: left; width: 574px; height: 40px;\">Humpolec, <a href=\"https:\/\/www.google.cz\/maps\/place\/Dob%C3%ADjec%C3%AD+Stanice+Vystrkov\/@49.5216931,15.3479702,18.71z\/data=!4m5!3m4!1s0x470cfc8e49c03d25:0x8fdcea13da256cd6!8m2!3d49.521757!4d15.3475926\" target=\"_blank\" rel=\"noopener\">E.ON charging station<\/a>&nbsp;| Tesla Supercharger<\/td>\n<\/tr>\n<tr>\n<td style=\"text-align: left; width: 120px; height: 40px;\">10:00 &#8211; 12:00<\/td>\n<td style=\"text-align: left; width: 330px; height: 40px;\">&nbsp;<\/td>\n<td style=\"text-align: left; width: 574px; height: 40px;\">Rainbach im M\u00fchlkreis (A), <a href=\"https:\/\/www.google.cz\/maps\/place\/Kreisel+Electric+GmbH\/@48.5350735,14.4877733,17z\/data=!3m1!4b1!4m5!3m4!1s0x47730b9dcbf74d55:0x849a7a3a287a74d7!8m2!3d48.53507!4d14.489962\" target=\"_blank\" rel=\"noopener\">Kreisel Electric &#8211; 3K One<\/a><\/td>\n<\/tr>\n<tr>\n<td style=\"text-align: left; width: 120px; height: 40px;\">11:00 &#8211; 12:00<\/td>\n<td style=\"text-align: left; width: 330px; height: 40px;\">&nbsp;<\/td>\n<td style=\"text-align: left; width: 574px; height: 40px;\">P\u00edsek, <a href=\"https:\/\/www.google.cz\/maps\/place\/Dob%C3%ADjec%C3%AD+Stanice+Vystrkov\/@49.5216931,15.3479702,18.71z\/data=!4m5!3m4!1s0x470cfc8e49c03d25:0x8fdcea13da256cd6!8m2!3d49.521757!4d15.3475926\" target=\"_blank\" rel=\"noopener\">E.ON charging station<\/a><\/td>\n<\/tr>\n<tr>\n<td style=\"text-align: left; width: 120px; height: 40px;\">10:30 &#8211; 11:00<\/td>\n<td style=\"text-align: left; width: 330px; height: 40px;\">Cars exhibition<\/td>\n<td style=\"text-align: left; width: 574px; height: 40px;\">Humpolec, E.ON charging station | Tesla Supercharger<\/td>\n<\/tr>\n<tr>\n<td style=\"text-align: left; width: 120px; height: 40px;\">12:00 &#8211; 12:30<\/td>\n<td style=\"text-align: left; width: 330px; height: 40px;\">&nbsp;<\/td>\n<td style=\"text-align: left; width: 574px; height: 40px;\">P\u00edsek, E.ON charging station<\/td>\n<\/tr>\n<tr>\n<td style=\"text-align: left; width: 120px; height: 40px;\">12:00 &#8211; 13:00<\/td>\n<td style=\"text-align: left; width: 330px; height: 40px;\">&nbsp;<\/td>\n<td style=\"text-align: left; width: 574px; height: 40px;\">Rainbach im M\u00fchlkreis (A), Kreisel Electric &#8211; 3K One<\/td>\n<\/tr>\n<tr>\n<td style=\"text-align: left; width: 120px; height: 40px;\">11:00<\/td>\n<td style=\"text-align: left; width: 330px; height: 40px;\">Start of Concentration Leg<\/td>\n<td style=\"text-align: left; width: 574px; height: 40px;\">Humpolec, E.ON charging station | Tesla Supercharger<\/td>\n<\/tr>\n<tr>\n<td style=\"text-align: left; width: 120px; height: 40px;\">12:30<\/td>\n<td style=\"text-align: left; width: 330px; height: 40px;\">&nbsp;<\/td>\n<td style=\"text-align: left; width: 574px; height: 40px;\">P\u00edsek, E.ON charging station<\/td>\n<\/tr>\n<tr>\n<td style=\"text-align: left; width: 120px; height: 40px;\">13:00<\/td>\n<td style=\"text-align: left; width: 330px; height: 40px;\">&nbsp;<\/td>\n<td style=\"text-align: left; width: 574px; height: 40px;\">Rainbach im M\u00fchlkreis (A), Kreisel Electric &#8211; 3K One<\/td>\n<\/tr>\n<tr>\n<td style=\"text-align: left; width: 120px; height: 40px;\">14:30<\/td>\n<td style=\"text-align: left; width: 330px; height: 40px;\">Finish&nbsp;of Concentration Leg<\/td>\n<td style=\"text-align: left; width: 574px; height: 40px;\">\u010cesk\u00fd Krumlov, Brewery \u010cesk\u00fd Krumlov<\/td>\n<\/tr>\n<tr>\n<td style=\"text-align: left; width: 120px; height: 40px;\">14:30 &#8211; 17:00<\/td>\n<td style=\"text-align: left; width: 330px; height: 40px;\">Administrative checks and scrutineering<\/td>\n<td style=\"text-align: left; width: 574px; height: 40px;\">\u010cesk\u00fd Krumlov, Brewery Garden<\/td>\n<\/tr>\n<tr>\n<td style=\"text-align: left; width: 120px; height: 40px;\">till 17:30<\/td>\n<td style=\"text-align: left; width: 330px; height: 40px;\">Submission of the vehicle&nbsp;to Parc ferm\u00e9 (FIA)<\/td>\n<td style=\"text-align: left; width: 574px; height: 40px;\">\u010cesk\u00fd Krumlov, Brewery Garden<\/td>\n<\/tr>\n<tr>\n<td style=\"text-align: left; width: 120px; height: 40px;\">19:00 &#8211; 19:30<\/td>\n<td style=\"text-align: left; width: 330px; height: 40px;\">Driver&#8217;s&nbsp;briefing<\/td>\n<td style=\"text-align: left; width: 574px; height: 40px;\">\u010cesk\u00fd Krumlov, Hotel R\u016f\u017ee<\/td>\n<\/tr>\n<tr>\n<td style=\"text-align: left; width: 120px; height: 40px;\">19:30 &#8211; 22:00<\/td>\n<td style=\"text-align: left; width: 330px; height: 40px;\">Pre-start galadinner with rout<\/td>\n<td style=\"text-align: left; width: 574px; height: 40px;\">\u010cesk\u00fd Krumlov, Hotel R\u016f\u017ee<\/td>\n<\/tr>\n<\/tbody>\n<\/table>\n<p>&nbsp;<\/p>\n<p><strong>Friday, May 18, 2018<\/strong><\/p>\n<table style=\"width: 1024px;\" border=\"0\" cellspacing=\"5\" cellpadding=\"5\">\n<tbody>\n<tr>\n<td style=\"text-align: left; width: 120px; height: 40px;\">7:20<\/td>\n<td style=\"text-align: left; width: 330px; height: 40px;\">Start of the rally<\/td>\n<td style=\"text-align: left; width: 574px; height: 40px;\">\u010cesk\u00fd Krumlov, Brewery Garden<\/td>\n<\/tr>\n<tr>\n<td style=\"text-align: left; width: 120px; height: 40px;\">9:50 &#8211;&nbsp;13:55<\/td>\n<td style=\"text-align: left; width: 330px; height: 40px;\">Recharging and common&nbsp;lunch<\/td>\n<td style=\"text-align: left; width: 574px; height: 40px;\">\u010cesk\u00e9 Bud\u011bjovice, Exhibition area<\/td>\n<\/tr>\n<tr>\n<td style=\"text-align: left; width: 120px; height: 40px;\">11:00 &#8211; 13:00<\/td>\n<td style=\"text-align: left; width: 330px; height: 40px;\">Shakedown 46th Rallye \u010cesk\u00fd Krumlov<\/td>\n<td style=\"text-align: left; width: 574px; height: 40px;\">\u010cesk\u00e9 Bud\u011bjovice, Exhibition area<\/td>\n<\/tr>\n<tr>\n<td style=\"text-align: left; width: 120px; height: 40px;\">14:00<\/td>\n<td style=\"text-align: left; width: 330px; height: 40px;\">Regularity Superstage<\/td>\n<td style=\"text-align: left; width: 574px; height: 40px;\">\u010cesk\u00e9 Bud\u011bjovice, Exhibition area<\/td>\n<\/tr>\n<tr>\n<td style=\"text-align: left; width: 120px; height: 40px;\">16:00<\/td>\n<td style=\"text-align: left; width: 330px; height: 40px;\">Finish of Leg 1 &#8211; PODIUM<\/td>\n<td style=\"text-align: left; width: 574px; height: 40px;\">\u010cesk\u00fd Krumlov, Deer Garden<\/td>\n<\/tr>\n<tr>\n<td style=\"text-align: left; width: 120px; height: 40px;\">16:10<\/td>\n<td style=\"text-align: left; width: 330px; height: 40px;\">FIA E-Rally Regularity Cup Parc ferm\u00e9<\/td>\n<td style=\"text-align: left; width: 574px; height: 40px;\">\u010cesk\u00fd Krumlov, Brewery Garden<\/td>\n<\/tr>\n<tr>\n<td style=\"text-align: left; width: 120px; height: 40px;\">17:30 &#8211; 20:00<\/td>\n<td style=\"text-align: left; width: 330px; height: 40px;\">Common dinner<\/td>\n<td style=\"text-align: left; width: 574px; height: 40px;\">\u010cesk\u00fd Krumlov, Brewery Restaurant<\/td>\n<\/tr>\n<tr>\n<td style=\"text-align: left; width: 120px; height: 40px;\">18:00 &#8211; 21:00<\/td>\n<td style=\"text-align: left; width: 330px; height: 40px;\">Brewery Tour<\/td>\n<td style=\"text-align: left; width: 574px; height: 40px;\">\u010cesk\u00fd Krumlov, Brewery \u010cesk\u00fd Krumlov<\/td>\n<\/tr>\n<\/tbody>\n<\/table>\n<p>&nbsp;<\/p>\n<p><strong>Saturday, May 19, 2018<\/strong><\/p>\n<table style=\"width: 1024px;\" border=\"0\" cellspacing=\"5\" cellpadding=\"5\">\n<tbody>\n<tr>\n<td style=\"text-align: left; width: 120px; height: 40px;\">7:30<\/td>\n<td style=\"text-align: left; width: 330px; height: 40px;\">Start of Leg 2<\/td>\n<td style=\"text-align: left; width: 574px; height: 40px;\">\u010cesk\u00fd Krumlov, Brewery Garden<\/td>\n<\/tr>\n<tr>\n<td style=\"text-align: left; width: 120px; height: 40px;\">9:45 \u2013 13:50<\/td>\n<td style=\"text-align: left; width: 330px; height: 40px;\">Recharging and common&nbsp;lunch<\/td>\n<td style=\"text-align: left; width: 574px; height: 40px;\">Lipno nad Vltavou, Ski resort Lipno<\/td>\n<\/tr>\n<tr>\n<td style=\"text-align: left; width: 120px; height: 40px;\">9:45 \u2013 13:50<\/td>\n<td style=\"text-align: left; width: 330px; height: 40px;\">Lipno Dragon Boat Race (optional)<\/td>\n<td style=\"text-align: left; width: 574px; height: 40px;\">Lipno nad Vltavou<\/td>\n<\/tr>\n<tr>\n<td style=\"text-align: left; width: 120px; height: 40px;\">15:30<\/td>\n<td style=\"text-align: left; width: 330px; height: 40px;\">Finish of the rally &#8211; PODIUM<\/td>\n<td style=\"text-align: left; width: 574px; height: 40px;\">\u010cesk\u00fd Krumlov, Deer Garden<\/td>\n<\/tr>\n<tr>\n<td style=\"text-align: left; width: 120px; height: 40px;\">15:40 &#8211; 19:00<\/td>\n<td style=\"text-align: left; width: 330px; height: 40px;\">FIA E-Rally Regularity Cup Parc ferm\u00e9<\/td>\n<td style=\"text-align: left; width: 574px; height: 40px;\">\u010cesk\u00fd Krumlov, Brewery Garden<\/td>\n<\/tr>\n<tr>\n<td style=\"text-align: left; width: 120px; height: 40px;\">19:30<\/td>\n<td style=\"text-align: left; width: 330px; height: 40px;\">Prize-giving ceremony &#8211; PODIUM<\/td>\n<td style=\"text-align: left; width: 574px; height: 40px;\">\u010cesk\u00fd Krumlov, Deer Garden<\/td>\n<\/tr>\n<tr>\n<td style=\"text-align: left; width: 120px; height: 40px;\">22:00<\/td>\n<td style=\"text-align: left; width: 330px; height: 40px;\">Rallye Afterparty<\/td>\n<td style=\"text-align: left; width: 574px; height: 40px;\">\u010cesk\u00fd Krumlov, <a href=\"http:\/\/www.citylounge.cz\/\" target=\"_blank\" rel=\"noopener noreferrer\">City Lounge music club &amp;&nbsp;bar<\/a><\/td>\n<\/tr>\n<\/tbody>\n<\/table>\n<p>&nbsp;<\/p>\n<p><em>Programme can be changed.<\/em><\/p>","protected":false},"excerpt":{"rendered":"<p>&nbsp; Monday, April 30, 2018 24:00 Closing entries &nbsp; &nbsp; Thursday, May 17, 2018 9:30 &#8211; 10:30 Crews presentation Humpolec, E.ON charging station&nbsp;| Tesla Supercharger 10:00 &#8211; 12:00 &nbsp; Rainbach im M\u00fchlkreis (A), Kreisel Electric &#8211; 3K One 11:00 &#8211; 12:00 &nbsp; P\u00edsek, E.ON charging station 10:30 &#8211; 11:00 Cars exhibition Humpolec, E.ON charging station [&hellip;]<\/p>\n","protected":false},"author":2,"featured_media":0,"parent":0,"menu_order":0,"comment_status":"closed","ping_status":"closed","template":"","meta":{"_acf_changed":false,"ngg_post_thumbnail":0,"footnotes":""},"class_list":["post-968","page","type-page","status-publish","hentry"],"acf":[],"yoast_head":"<!-- This site is optimized with the Yoast SEO plugin v27.3 - https:\/\/yoast.com\/product\/yoast-seo-wordpress\/ -->\n<title>Programme 2018 - \u010cEZ Czech New Energies Rallye<\/title>\n<meta name=\"robots\" content=\"index, follow, max-snippet:-1, max-image-preview:large, max-video-preview:-1\" \/>\n<link rel=\"canonical\" href=\"https:\/\/www.cner.cz\/program-2018\/\" \/>\n<meta property=\"og:locale\" content=\"en_US\" \/>\n<meta property=\"og:type\" content=\"article\" \/>\n<meta property=\"og:title\" content=\"Programme 2018 - \u010cEZ Czech New Energies Rallye\" \/>\n<meta property=\"og:description\" content=\"&nbsp; Monday, April 30, 2018 24:00 Closing entries &nbsp; &nbsp; Thursday, May 17, 2018 9:30 &#8211; 10:30 Crews presentation Humpolec, E.ON charging station&nbsp;| Tesla Supercharger 10:00 &#8211; 12:00 &nbsp; Rainbach im M\u00fchlkreis (A), Kreisel Electric &#8211; 3K One 11:00 &#8211; 12:00 &nbsp; P\u00edsek, E.ON charging station 10:30 &#8211; 11:00 Cars exhibition Humpolec, E.ON charging station [&hellip;]\" \/>\n<meta property=\"og:url\" content=\"https:\/\/www.cner.cz\/program-2018\/\" \/>\n<meta property=\"og:site_name\" content=\"\u010cEZ Czech New Energies Rallye\" \/>\n<meta property=\"article:publisher\" content=\"https:\/\/www.facebook.com\/NewEnergiesRallye\/\" \/>\n<meta property=\"article:modified_time\" content=\"2025-01-03T00:28:49+00:00\" \/>\n<meta name=\"twitter:card\" content=\"summary_large_image\" \/>\n<meta name=\"twitter:label1\" content=\"Est. reading time\" \/>\n\t<meta name=\"twitter:data1\" content=\"5 minutes\" \/>\n<script type=\"application\/ld+json\" class=\"yoast-schema-graph\">{\"@context\":\"https:\\\/\\\/schema.org\",\"@graph\":[{\"@type\":\"WebPage\",\"@id\":\"https:\\\/\\\/www.cner.cz\\\/program-2018\\\/\",\"url\":\"https:\\\/\\\/www.cner.cz\\\/program-2018\\\/\",\"name\":\"Programme 2018 - \u010cEZ Czech New Energies Rallye\",\"isPartOf\":{\"@id\":\"https:\\\/\\\/www.cner.cz\\\/#website\"},\"datePublished\":\"2018-01-31T22:30:43+00:00\",\"dateModified\":\"2025-01-03T00:28:49+00:00\",\"breadcrumb\":{\"@id\":\"https:\\\/\\\/www.cner.cz\\\/program-2018\\\/#breadcrumb\"},\"inLanguage\":\"en-US\",\"potentialAction\":[{\"@type\":\"ReadAction\",\"target\":[\"https:\\\/\\\/www.cner.cz\\\/program-2018\\\/\"]}]},{\"@type\":\"BreadcrumbList\",\"@id\":\"https:\\\/\\\/www.cner.cz\\\/program-2018\\\/#breadcrumb\",\"itemListElement\":[{\"@type\":\"ListItem\",\"position\":1,\"name\":\"Dom\u016f\",\"item\":\"https:\\\/\\\/www.cner.cz\\\/\"},{\"@type\":\"ListItem\",\"position\":2,\"name\":\"Program sout\u011b\u017ee 2018\"}]},{\"@type\":\"WebSite\",\"@id\":\"https:\\\/\\\/www.cner.cz\\\/#website\",\"url\":\"https:\\\/\\\/www.cner.cz\\\/\",\"name\":\"\u010cEZ Czech New Energies Rallye\",\"description\":\"\u010cEZ Czech New Energies Rallye\",\"potentialAction\":[{\"@type\":\"SearchAction\",\"target\":{\"@type\":\"EntryPoint\",\"urlTemplate\":\"https:\\\/\\\/www.cner.cz\\\/?s={search_term_string}\"},\"query-input\":{\"@type\":\"PropertyValueSpecification\",\"valueRequired\":true,\"valueName\":\"search_term_string\"}}],\"inLanguage\":\"en-US\"}]}<\/script>\n<!-- \/ Yoast SEO plugin. -->","yoast_head_json":{"title":"Programme 2018 - \u010cEZ Czech New Energies Rallye","robots":{"index":"index","follow":"follow","max-snippet":"max-snippet:-1","max-image-preview":"max-image-preview:large","max-video-preview":"max-video-preview:-1"},"canonical":"https:\/\/www.cner.cz\/program-2018\/","og_locale":"en_US","og_type":"article","og_title":"Programme 2018 - \u010cEZ Czech New Energies Rallye","og_description":"&nbsp; Monday, April 30, 2018 24:00 Closing entries &nbsp; &nbsp; Thursday, May 17, 2018 9:30 &#8211; 10:30 Crews presentation Humpolec, E.ON charging station&nbsp;| Tesla Supercharger 10:00 &#8211; 12:00 &nbsp; Rainbach im M\u00fchlkreis (A), Kreisel Electric &#8211; 3K One 11:00 &#8211; 12:00 &nbsp; P\u00edsek, E.ON charging station 10:30 &#8211; 11:00 Cars exhibition Humpolec, E.ON charging station [&hellip;]","og_url":"https:\/\/www.cner.cz\/program-2018\/","og_site_name":"\u010cEZ Czech New Energies Rallye","article_publisher":"https:\/\/www.facebook.com\/NewEnergiesRallye\/","article_modified_time":"2025-01-03T00:28:49+00:00","twitter_card":"summary_large_image","twitter_misc":{"Est. reading time":"5 minutes"},"schema":{"@context":"https:\/\/schema.org","@graph":[{"@type":"WebPage","@id":"https:\/\/www.cner.cz\/program-2018\/","url":"https:\/\/www.cner.cz\/program-2018\/","name":"Programme 2018 - \u010cEZ Czech New Energies Rallye","isPartOf":{"@id":"https:\/\/www.cner.cz\/#website"},"datePublished":"2018-01-31T22:30:43+00:00","dateModified":"2025-01-03T00:28:49+00:00","breadcrumb":{"@id":"https:\/\/www.cner.cz\/program-2018\/#breadcrumb"},"inLanguage":"en-US","potentialAction":[{"@type":"ReadAction","target":["https:\/\/www.cner.cz\/program-2018\/"]}]},{"@type":"BreadcrumbList","@id":"https:\/\/www.cner.cz\/program-2018\/#breadcrumb","itemListElement":[{"@type":"ListItem","position":1,"name":"Dom\u016f","item":"https:\/\/www.cner.cz\/"},{"@type":"ListItem","position":2,"name":"Program sout\u011b\u017ee 2018"}]},{"@type":"WebSite","@id":"https:\/\/www.cner.cz\/#website","url":"https:\/\/www.cner.cz\/","name":"\u010cEZ Czech New Energies Rallye","description":"\u010cEZ Czech New Energies Rallye","potentialAction":[{"@type":"SearchAction","target":{"@type":"EntryPoint","urlTemplate":"https:\/\/www.cner.cz\/?s={search_term_string}"},"query-input":{"@type":"PropertyValueSpecification","valueRequired":true,"valueName":"search_term_string"}}],"inLanguage":"en-US"}]}},"_links":{"self":[{"href":"https:\/\/www.cner.cz\/en\/wp-json\/wp\/v2\/pages\/968","targetHints":{"allow":["GET"]}}],"collection":[{"href":"https:\/\/www.cner.cz\/en\/wp-json\/wp\/v2\/pages"}],"about":[{"href":"https:\/\/www.cner.cz\/en\/wp-json\/wp\/v2\/types\/page"}],"author":[{"embeddable":true,"href":"https:\/\/www.cner.cz\/en\/wp-json\/wp\/v2\/users\/2"}],"replies":[{"embeddable":true,"href":"https:\/\/www.cner.cz\/en\/wp-json\/wp\/v2\/comments?post=968"}],"version-history":[{"count":21,"href":"https:\/\/www.cner.cz\/en\/wp-json\/wp\/v2\/pages\/968\/revisions"}],"predecessor-version":[{"id":4964,"href":"https:\/\/www.cner.cz\/en\/wp-json\/wp\/v2\/pages\/968\/revisions\/4964"}],"wp:attachment":[{"href":"https:\/\/www.cner.cz\/en\/wp-json\/wp\/v2\/media?parent=968"}],"curies":[{"name":"wp","href":"https:\/\/api.w.org\/{rel}","templated":true}]}}